{"id":194,"date":"2025-09-14T15:29:36","date_gmt":"2025-09-14T14:29:36","guid":{"rendered":"https:\/\/julieflowyoga.fr\/?page_id=194"},"modified":"2025-09-14T17:19:44","modified_gmt":"2025-09-14T16:19:44","slug":"le-yoga-au-dela-de-la-pratique","status":"publish","type":"page","link":"https:\/\/julieflowyoga.fr\/?page_id=194","title":{"rendered":"Le yoga au-del\u00e0 de la pratique"},"content":{"rendered":"\n<p>Le yoga est bien plus qu&rsquo;une pratique physique. C&rsquo;est un ensemble de savoirs et de pratiques qui remontent \u00e0 plus de 5000 ans permettant de connecter son corps et son mental.<\/p>\n\n\n\n<p>Il existe de nombreux \u00e9crits \u00e0 ce propos et nous pourrions passer notre vie \u00e0 \u00e9tudier les textes yogiques (ce qui peut faire peur face \u00e0 l&rsquo;ampleur de la t\u00e2che).<\/p>\n\n\n\n<p>On peut s&rsquo;int\u00e9resser au point de vue philosophique ou mythologique. Afin d&rsquo;approfondir mon enseignement, j&rsquo;ai compil\u00e9 les informations qui me semblaient n\u00e9cessaires et int\u00e9ressantes \u00e0 transmettre \u00e0 mes \u00e9l\u00e8ves. A force, petit \u00e0 petit, je les ai organis\u00e9es, hi\u00e9rarchis\u00e9es et r\u00e9dig\u00e9es. Mon petit manuel pourrait ressembler \u00e0 un livre en plusieurs tomes&#8230;<\/p>\n\n\n\n<p>Tome 1: Le yoga d&rsquo;un point de vue philosophique<\/p>\n\n\n\n<p>Tome 2: Le yoga d&rsquo;un point de vue mythologique<\/p>\n\n\n\n<p>Cette ann\u00e9e, mes cours seront \u00e9clair\u00e9s \u00e0 la lumi\u00e8re de Patanjali et de ses yoga sutra.<\/p>\n\n\n\n<p>Mais afin d&rsquo;aller plus loin, j&rsquo;expliquerai \u00e9galement les habitudes, les mudras, les mantras, ma passion pour le sanskrit&#8230;<\/p>\n\n\n\n<p>Chaque semaine, je partagerai mes fiches afin de vous permettre de d\u00e9couvrir ou approfondir \u00e0 votre rythme et en fonction de vos int\u00e9r\u00eat les diff\u00e9rents \u00e9l\u00e9ments abord\u00e9s en cours.<\/p>\n\n\n\n<p>Bonne lecture et bonnes d\u00e9couvertes&#8230;<\/p>\n\n\n\n<p>Namast\u00e9<\/p>\n\n\n\n<div class=\"wp-block-buttons is-layout-flex wp-block-buttons-is-layout-flex\"><\/div>\n\n\n<div class=\"wp-block-image\">\n<figure class=\"aligncenter size-large\"><img fetchpriority=\"high\" decoding=\"async\" width=\"726\" height=\"1024\" src=\"https:\/\/julieflowyoga.fr\/wp-content\/uploads\/2025\/09\/Capture-decran-2025-09-06-a-11.38.49-726x1024.png\" alt=\"\" class=\"wp-image-196\" srcset=\"https:\/\/julieflowyoga.fr\/wp-content\/uploads\/2025\/09\/Capture-decran-2025-09-06-a-11.38.49-726x1024.png 726w, https:\/\/julieflowyoga.fr\/wp-content\/uploads\/2025\/09\/Capture-decran-2025-09-06-a-11.38.49-213x300.png 213w, https:\/\/julieflowyoga.fr\/wp-content\/uploads\/2025\/09\/Capture-decran-2025-09-06-a-11.38.49-768x1084.png 768w, https:\/\/julieflowyoga.fr\/wp-content\/uploads\/2025\/09\/Capture-decran-2025-09-06-a-11.38.49-1089x1536.png 1089w, https:\/\/julieflowyoga.fr\/wp-content\/uploads\/2025\/09\/Capture-decran-2025-09-06-a-11.38.49.png 1246w\" sizes=\"(max-width: 726px) 100vw, 726px\" \/><\/figure>\n<\/div>\n\n<nav class=\"is-responsive items-justified-center alignwide wp-block-navigation is-content-justification-center is-layout-flex wp-container-core-navigation-is-layout-16018d1d wp-block-navigation-is-layout-flex\" aria-label=\"Primary Menu\" \n\t\t data-wp-interactive=\"core\/navigation\" data-wp-context='{\"overlayOpenedBy\":{\"click\":false,\"hover\":false,\"focus\":false},\"type\":\"overlay\",\"roleAttribute\":\"\",\"ariaLabel\":\"Menu\"}'><button aria-haspopup=\"dialog\" aria-label=\"Ouvrir le menu\" class=\"wp-block-navigation__responsive-container-open\" \n\t\t\t\tdata-wp-on--click=\"actions.openMenuOnClick\"\n\t\t\t\tdata-wp-on--keydown=\"actions.handleMenuKeydown\"\n\t\t\t><svg width=\"24\" height=\"24\" xmlns=\"http:\/\/www.w3.org\/2000\/svg\" viewBox=\"0 0 24 24\" aria-hidden=\"true\" focusable=\"false\"><path d=\"M4 7.5h16v1.5H4z\"><\/path><path d=\"M4 15h16v1.5H4z\"><\/path><\/svg><\/button>\n\t\t\t\t<div class=\"wp-block-navigation__responsive-container\"  id=\"modal-1\" \n\t\t\t\tdata-wp-class--has-modal-open=\"state.isMenuOpen\"\n\t\t\t\tdata-wp-class--is-menu-open=\"state.isMenuOpen\"\n\t\t\t\tdata-wp-watch=\"callbacks.initMenu\"\n\t\t\t\tdata-wp-on--keydown=\"actions.handleMenuKeydown\"\n\t\t\t\tdata-wp-on--focusout=\"actions.handleMenuFocusout\"\n\t\t\t\ttabindex=\"-1\"\n\t\t\t>\n\t\t\t\t\t<div class=\"wp-block-navigation__responsive-close\" tabindex=\"-1\">\n\t\t\t\t\t\t<div class=\"wp-block-navigation__responsive-dialog\" \n\t\t\t\tdata-wp-bind--aria-modal=\"state.ariaModal\"\n\t\t\t\tdata-wp-bind--aria-label=\"state.ariaLabel\"\n\t\t\t\tdata-wp-bind--role=\"state.roleAttribute\"\n\t\t\t>\n\t\t\t\t\t\t\t<button aria-label=\"Fermer le menu\" class=\"wp-block-navigation__responsive-container-close\" \n\t\t\t\tdata-wp-on--click=\"actions.closeMenuOnClick\"\n\t\t\t><svg xmlns=\"http:\/\/www.w3.org\/2000\/svg\" viewBox=\"0 0 24 24\" width=\"24\" height=\"24\" aria-hidden=\"true\" focusable=\"false\"><path d=\"m13.06 12 6.47-6.47-1.06-1.06L12 10.94 5.53 4.47 4.47 5.53 10.94 12l-6.47 6.47 1.06 1.06L12 13.06l6.47 6.47 1.06-1.06L13.06 12Z\"><\/path><\/svg><\/button>\n\t\t\t\t\t\t\t<div class=\"wp-block-navigation__responsive-container-content\" \n\t\t\t\tdata-wp-watch=\"callbacks.focusFirstElement\"\n\t\t\t id=\"modal-1-content\">\n\t\t\t\t\t\t\t\t<ul class=\"wp-block-navigation__container is-responsive items-justified-center alignwide wp-block-navigation\"><li data-wp-context=\"{ &quot;submenuOpenedBy&quot;: { &quot;click&quot;: false, &quot;hover&quot;: false, &quot;focus&quot;: false }, &quot;type&quot;: &quot;submenu&quot;, &quot;modal&quot;: null, &quot;previousFocus&quot;: null }\" data-wp-interactive=\"core\/navigation\" data-wp-on--focusout=\"actions.handleMenuFocusout\" data-wp-on--keydown=\"actions.handleMenuKeydown\" data-wp-on--mouseenter=\"actions.openMenuOnHover\" data-wp-on--mouseleave=\"actions.closeMenuOnHover\" data-wp-watch=\"callbacks.initMenu\" tabindex=\"-1\" class=\"wp-block-navigation-item has-child open-on-hover-click  menu-item menu-item-type-post_type menu-item-object-page menu-item-home wp-block-navigation-submenu\"><a class=\"wp-block-navigation-item__content\" href=\"https:\/\/julieflowyoga.fr\/\" title=\"\"><span class=\"wp-block-navigation-item__label\">Pr\u00e9sentation<\/span><\/a><button data-wp-bind--aria-expanded=\"state.isMenuOpen\" data-wp-on--click=\"actions.toggleMenuOnClick\" aria-label=\"Sous-menu Pr\u00e9sentation\" class=\"wp-block-navigation__submenu-icon wp-block-navigation-submenu__toggle\" ><svg xmlns=\"http:\/\/www.w3.org\/2000\/svg\" width=\"12\" height=\"12\" viewBox=\"0 0 12 12\" fill=\"none\" aria-hidden=\"true\" focusable=\"false\"><path d=\"M1.50002 4L6.00002 8L10.5 4\" stroke-width=\"1.5\"><\/path><\/svg><\/button><ul data-wp-on--focus=\"actions.openMenuOnFocus\" class=\"wp-block-navigation__submenu-container  menu-item menu-item-type-post_type menu-item-object-page menu-item-home wp-block-navigation-submenu\"><li class=\" wp-block-navigation-item  menu-item menu-item-type-post_type menu-item-object-page menu-item-home wp-block-navigation-link\"><a class=\"wp-block-navigation-item__content\"  href=\"https:\/\/julieflowyoga.fr\/?page_id=207\"><span class=\"wp-block-navigation-item__label\">But du yoga<\/span><\/a><\/li><li class=\" wp-block-navigation-item wp-block-navigation-link\"><a class=\"wp-block-navigation-item__content\"  href=\"https:\/\/julieflowyoga.fr\/?page_id=210\"><span class=\"wp-block-navigation-item__label\">Le Natha Yoga et sa vision holistique<\/span><\/a><\/li><li class=\" wp-block-navigation-item wp-block-navigation-link\"><a class=\"wp-block-navigation-item__content\"  href=\"https:\/\/julieflowyoga.fr\/?page_id=212\"><span class=\"wp-block-navigation-item__label\">Les textes fondateurs et leur implication dans la pratique<\/span><\/a><\/li><li class=\" wp-block-navigation-item wp-block-navigation-link\"><a class=\"wp-block-navigation-item__content\"  href=\"https:\/\/julieflowyoga.fr\/?page_id=214\"><span class=\"wp-block-navigation-item__label\">Petite pr\u00e9sentation<\/span><\/a><\/li><li class=\" wp-block-navigation-item wp-block-navigation-link\"><a class=\"wp-block-navigation-item__content\"  href=\"https:\/\/julieflowyoga.fr\/?page_id=216\"><span class=\"wp-block-navigation-item__label\">Ma vision du yoga<\/span><\/a><\/li><li class=\" wp-block-navigation-item wp-block-navigation-link\"><a class=\"wp-block-navigation-item__content\"  href=\"https:\/\/julieflowyoga.fr\/?page_id=218\"><span class=\"wp-block-navigation-item__label\">Mes styles d\u2019enseignement<\/span><\/a><\/li><\/ul><\/li><li data-wp-context=\"{ &quot;submenuOpenedBy&quot;: { &quot;click&quot;: false, &quot;hover&quot;: false, &quot;focus&quot;: false }, &quot;type&quot;: &quot;submenu&quot;, &quot;modal&quot;: null, &quot;previousFocus&quot;: null }\" data-wp-interactive=\"core\/navigation\" data-wp-on--focusout=\"actions.handleMenuFocusout\" data-wp-on--keydown=\"actions.handleMenuKeydown\" data-wp-on--mouseenter=\"actions.openMenuOnHover\" data-wp-on--mouseleave=\"actions.closeMenuOnHover\" data-wp-watch=\"callbacks.initMenu\" tabindex=\"-1\" class=\"wp-block-navigation-item has-child open-on-hover-click wp-block-navigation-submenu\"><a class=\"wp-block-navigation-item__content\" href=\"http:\/\/Th%C3%A9orie\"><span class=\"wp-block-navigation-item__label\">Th\u00e9orie<\/span><\/a><button data-wp-bind--aria-expanded=\"state.isMenuOpen\" data-wp-on--click=\"actions.toggleMenuOnClick\" aria-label=\"Sous-menu Th\u00e9orie\" class=\"wp-block-navigation__submenu-icon wp-block-navigation-submenu__toggle\" ><svg xmlns=\"http:\/\/www.w3.org\/2000\/svg\" width=\"12\" height=\"12\" viewBox=\"0 0 12 12\" fill=\"none\" aria-hidden=\"true\" focusable=\"false\"><path d=\"M1.50002 4L6.00002 8L10.5 4\" stroke-width=\"1.5\"><\/path><\/svg><\/button><ul data-wp-on--focus=\"actions.openMenuOnFocus\" class=\"wp-block-navigation__submenu-container wp-block-navigation-submenu\"><li class=\" wp-block-navigation-item wp-block-navigation-link\"><a class=\"wp-block-navigation-item__content\"  href=\"https:\/\/julieflowyoga.fr\/?page_id=220\"><span class=\"wp-block-navigation-item__label\">Les \u00e9l\u00e9ments d\u2019apprentissage<\/span><\/a><\/li><li class=\" wp-block-navigation-item wp-block-navigation-link\"><a class=\"wp-block-navigation-item__content\"  href=\"https:\/\/julieflowyoga.fr\/?page_id=222\"><span class=\"wp-block-navigation-item__label\">Les \u00ab\u00a0techniques\u00a0\u00bb pour approfondir la pratique<\/span><\/a><\/li><li class=\" wp-block-navigation-item wp-block-navigation-link\"><a class=\"wp-block-navigation-item__content\"  href=\"https:\/\/julieflowyoga.fr\/?page_id=224\"><span class=\"wp-block-navigation-item__label\">Les \u00e9l\u00e9ments de r\u00e9flexion<\/span><\/a><\/li><li class=\" wp-block-navigation-item wp-block-navigation-link\"><a class=\"wp-block-navigation-item__content\"  href=\"https:\/\/julieflowyoga.fr\/?page_id=226\"><span class=\"wp-block-navigation-item__label\">Annexes<\/span><\/a><\/li><\/ul><\/li><\/ul>\n\t\t\t\t\t\t\t<\/div>\n\t\t\t\t\t\t<\/div>\n\t\t\t\t\t<\/div>\n\t\t\t\t<\/div><\/nav>\n\n\n<p><\/p>\n","protected":false},"excerpt":{"rendered":"<p>Le yoga est bien plus qu&rsquo;une pratique physique. C&rsquo;est un ensemble de savoirs et de pratiques qui remontent \u00e0 plus de 5000 ans permettant de connecter son corps et son [&hellip;]<\/p>\n","protected":false},"author":2,"featured_media":0,"parent":0,"menu_order":0,"comment_status":"closed","ping_status":"closed","template":"","meta":{"_monsterinsights_skip_tracking":false,"_monsterinsights_sitenote_active":false,"_monsterinsights_sitenote_note":"","_monsterinsights_sitenote_category":0,"footnotes":""},"class_list":["post-194","page","type-page","status-publish","hentry"],"aioseo_notices":[],"_links":{"self":[{"href":"https:\/\/julieflowyoga.fr\/index.php?rest_route=\/wp\/v2\/pages\/194","targetHints":{"allow":["GET"]}}],"collection":[{"href":"https:\/\/julieflowyoga.fr\/index.php?rest_route=\/wp\/v2\/pages"}],"about":[{"href":"https:\/\/julieflowyoga.fr\/index.php?rest_route=\/wp\/v2\/types\/page"}],"author":[{"embeddable":true,"href":"https:\/\/julieflowyoga.fr\/index.php?rest_route=\/wp\/v2\/users\/2"}],"replies":[{"embeddable":true,"href":"https:\/\/julieflowyoga.fr\/index.php?rest_route=%2Fwp%2Fv2%2Fcomments&post=194"}],"version-history":[{"count":8,"href":"https:\/\/julieflowyoga.fr\/index.php?rest_route=\/wp\/v2\/pages\/194\/revisions"}],"predecessor-version":[{"id":249,"href":"https:\/\/julieflowyoga.fr\/index.php?rest_route=\/wp\/v2\/pages\/194\/revisions\/249"}],"wp:attachment":[{"href":"https:\/\/julieflowyoga.fr\/index.php?rest_route=%2Fwp%2Fv2%2Fmedia&parent=194"}],"curies":[{"name":"wp","href":"https:\/\/api.w.org\/{rel}","templated":true}]}}